{"id":4163,"date":"2026-02-02T12:05:39","date_gmt":"2026-02-02T12:05:39","guid":{"rendered":"https:\/\/wfnmb2026.com\/?page_id=4163"},"modified":"2026-02-02T12:30:53","modified_gmt":"2026-02-02T12:30:53","slug":"eaccme-accreditation","status":"publish","type":"page","link":"https:\/\/wfnmb2026.com\/en\/eaccme-accreditation\/","title":{"rendered":"EACCME\u00ae Accreditation"},"content":{"rendered":"\n<div class=\"wp-block-stackable-heading stk-block-heading stk-block-heading--v2 stk-block stk-bd880a7\" id=\"accreditation-statement\" data-block-id=\"bd880a7\"><style>.stk-bd880a7 .stk-block-heading__text{color:var(--theme-palette-color-5, #008C78) !important;}<\/style><h2 class=\"stk-block-heading__text has-text-color\">Accreditation Statement<\/h2><\/div>\n\n\n\n<p><strong>The 14th World Congress of the World Federation of Nuclear Medicine and Biology (WFNMB), Cartagena de Indias, Colombia 13\/02\/2026 &#8211; 16\/02\/2026, has been accredited by the European Accreditation Council for Continuing Medical Education (EACCME\u00ae) with 19.5 European CME credits (ECMEC\u00aes)<\/strong>. Each medical specialist should claim only those hours of credit that he\/she actually spent in the educational activity.<\/p>\n\n\n\n<p>Through an agreement between the Union Europ\u00e9enne des M\u00e9decins Sp\u00e9cialistes and the American Medical Association, physicians may convert EACCME\u00ae credits to an equivalent number of AMA PRA Category 1 CreditsTM. Information on the process to convert EACCME\u00ae credit to AMA credit can be found at <a href=\"https:\/\/edhub.ama-assn.org\/pages\/applications\" target=\"_blank\" rel=\"noreferrer noopener\">https:\/\/edhub.ama-assn.org\/pages\/applications<\/a>.<\/p>\n\n\n\n<p>Live educational activities, occurring outside of Canada, recognised by the UEMS-EACCME\u00ae for ECMEC\u00aes are deemed to be Accredited Group Learning Activities (Section 1) as defined by the Maintenance of Certification Program of the Royal College of Physicians and Surgeons of Canada.<\/p>\n\n\n\n<div class=\"wp-block-stackable-divider stk-block-divider stk-block stk-16e8c1a\" data-block-id=\"16e8c1a\"><style>.stk-16e8c1a hr.stk-block-divider__hr{background:var(--theme-palette-color-1, #eb7341) !important;width:100% !important;}.stk-16e8c1a {margin-top:40px !important;margin-bottom:40px !important;}<\/style><hr class=\"stk-block-divider__hr\"\/><\/div>\n\n\n\n<div class=\"wp-block-stackable-heading stk-block-heading stk-block-heading--v2 stk-block stk-82ef65f\" id=\"how-to-apply-for-eaccme-credits\" data-block-id=\"82ef65f\"><style>.stk-82ef65f .stk-block-heading__text{color:var(--theme-palette-color-5, #008C78) !important;}<\/style><h2 class=\"stk-block-heading__text has-text-color\">How to Apply for EACCME\u00ae Credits<\/h2><\/div>\n\n\n\n<p>Each participant can only receive the number of credits he\/she is entitled to according to their <strong>actual participation<\/strong> at the event. Sessions accredited per day are indicated in the program with <strong>\u201cCME\u201d<\/strong> in the title.<\/p>\n\n\n\n<p>To claim your EACCME\u00ae credits, <strong>you must respond to a survey in the Congress App for each scientific session you attend.<\/strong> Please follow these steps:<\/p>\n\n\n\n<div class=\"wp-block-stackable-columns stk-block-columns stk-block stk-2c86a52\" data-block-id=\"2c86a52\"><style>.stk-2c86a52-column{--stk-columns-spacing:0px !important;--stk-column-gap:16px !important;}<\/style><div class=\"stk-row stk-inner-blocks stk-block-content stk-content-align stk-2c86a52-column\">\n<div class=\"wp-block-stackable-column stk-block-column stk-column stk-block stk-043df5e\" data-v=\"4\" data-block-id=\"043df5e\"><style>@media screen and (min-width:690px){.stk-043df5e {flex:var(--stk-flex-grow, 1) 1 calc(70% - var(--stk-column-gap, 0px) * 1 \/ 2 ) !important;}}@media screen and (max-width:689px){.stk-043df5e {margin-bottom:30px !important;}}<\/style><div class=\"stk-column-wrapper stk-block-column__content stk-container stk-043df5e-container stk--no-background stk--no-padding\"><div class=\"stk-block-content stk-inner-blocks stk-043df5e-inner-blocks\">\n<div class=\"wp-block-stackable-text stk-block-text stk-block stk-cdf228d\" data-block-id=\"cdf228d\"><p class=\"stk-block-text__text\"><strong><span style=\"color: var(--theme-palette-color-5, #008C78);\" class=\"stk-highlight\">1. <\/span><strong>Download the Congress App<\/strong>.<\/strong><\/p><\/div>\n\n\n\n<div class=\"wp-block-stackable-text stk-block-text stk-block stk-a43b22b\" data-block-id=\"a43b22b\"><p class=\"stk-block-text__text\"><strong><span style=\"color: var(--theme-palette-color-5, #008C78);\" class=\"stk-highlight\">2.<\/span> Select the session<\/strong> you are attending.<\/p><\/div>\n\n\n\n<div class=\"wp-block-stackable-text stk-block-text stk-block stk-6cf1b9d\" data-block-id=\"6cf1b9d\"><p class=\"stk-block-text__text\"><strong><span style=\"color: var(--theme-palette-color-5, #008C78);\" class=\"stk-highlight\">3. <\/span>Once the session has concluded<\/strong>, you must respond to a survey by tapping <strong>\u201cStart Survey\u201d<\/strong> in the selected session within the App. The survey <strong>closes 15 minutes after the session has finalized<\/strong>.<\/p><\/div>\n\n\n\n<div class=\"wp-block-stackable-text stk-block-text stk-block stk-384bb8d\" data-block-id=\"384bb8d\"><p class=\"stk-block-text__text\"><strong><span style=\"color: var(--theme-palette-color-5, #008C78);\" class=\"stk-highlight\">4. <\/span>Answer the session survey<\/strong> and click <strong>\u201cSubmit\u201d<\/strong>. Our system will record the <strong>date and time<\/strong> of your attendance<\/p><\/div>\n<\/div><\/div><\/div>\n\n\n\n<div class=\"wp-block-stackable-column stk-block-column stk-column stk-block stk-7e3c598\" data-v=\"4\" data-block-id=\"7e3c598\"><style>@media screen and (min-width:690px){.stk-7e3c598 {flex:var(--stk-flex-grow, 1) 1 calc(30% - var(--stk-column-gap, 0px) * 1 \/ 2 ) !important;}}<\/style><div class=\"stk-column-wrapper stk-block-column__content stk-container stk-7e3c598-container stk--no-background stk--no-padding\"><div class=\"stk-block-content stk-inner-blocks stk-7e3c598-inner-blocks\">\n<div class=\"wp-block-stackable-image stk-block-image stk-block stk-957bcb6\" data-block-id=\"957bcb6\"><figure><span class=\"stk-img-wrapper stk-image--shape-stretch\"><img loading=\"lazy\" decoding=\"async\" class=\"stk-img wp-image-4154\" src=\"https:\/\/wfnmb2026.com\/wp-content\/uploads\/2026\/02\/wfnmb-mockup-2.png\" width=\"800\" height=\"1597\" srcset=\"https:\/\/wfnmb2026.com\/wp-content\/uploads\/2026\/02\/wfnmb-mockup-2.png 800w, https:\/\/wfnmb2026.com\/wp-content\/uploads\/2026\/02\/wfnmb-mockup-2-150x300.png 150w, https:\/\/wfnmb2026.com\/wp-content\/uploads\/2026\/02\/wfnmb-mockup-2-513x1024.png 513w, https:\/\/wfnmb2026.com\/wp-content\/uploads\/2026\/02\/wfnmb-mockup-2-768x1533.png 768w, https:\/\/wfnmb2026.com\/wp-content\/uploads\/2026\/02\/wfnmb-mockup-2-769x1536.png 769w\" sizes=\"auto, (max-width: 800px) 100vw, 800px\" \/><\/span><\/figure><\/div>\n<\/div><\/div><\/div>\n<\/div><\/div>\n\n\n\n<div class=\"wp-block-stackable-divider stk-block-divider stk-block stk-0854a9d\" data-block-id=\"0854a9d\"><style>.stk-0854a9d hr.stk-block-divider__hr{background:var(--theme-palette-color-1, #eb7341) !important;width:100% !important;}.stk-0854a9d {margin-top:40px !important;margin-bottom:40px !important;}<\/style><hr class=\"stk-block-divider__hr\"\/><\/div>\n\n\n\n<div class=\"wp-block-stackable-heading stk-block-heading stk-block-heading--v2 stk-block stk-e0cda09\" id=\"eaccme-certificate\" data-block-id=\"e0cda09\"><style>.stk-e0cda09 .stk-block-heading__text{color:var(--theme-palette-color-5, #008C78) !important;}<\/style><h2 class=\"stk-block-heading__text has-text-color\">EACCME\u00ae Certificate<\/h2><\/div>\n\n\n\n<p>The EACCME\u00ae Certificate will be sent <strong>after the Congress<\/strong>. To receive your certificate, you must complete the <strong>Feedback Form<\/strong>, which will be sent to you by email after the Congress.<\/p>\n","protected":false},"excerpt":{"rendered":"<p>Accreditation Statement The 14th World Congress of the World Federation of Nuclear Medicine and Biology (WFNMB), Cartagena de Indias, Colombia 13\/02\/2026 &#8211; 16\/02\/2026, has been accredited by the European Accreditation Council for Continuing Medical Education (EACCME\u00ae) with 19.5 European CME credits (ECMEC\u00aes). Each medical specialist should claim only those hours of credit that he\/she actually [&hellip;]<\/p>\n","protected":false},"author":1,"featured_media":618,"parent":0,"menu_order":0,"comment_status":"closed","ping_status":"closed","template":"","meta":{"footnotes":""},"class_list":["post-4163","page","type-page","status-publish","has-post-thumbnail","hentry"],"blocksy_meta":{"page_structure_type":"type-3","styles_descriptor":{"styles":{"desktop":"","tablet":"","mobile":""},"google_fonts":[],"version":6}},"yoast_head":"<!-- This site is optimized with the Yoast SEO plugin v27.5 - https:\/\/yoast.com\/product\/yoast-seo-wordpress\/ -->\n<title>EACCME\u00ae Accreditation - WFNMB 2026<\/title>\n<meta name=\"description\" content=\"14th Congress of the World Federation of Nuclear Medicine and Biology. Cartagena de Indias. February 2026.\" \/>\n<meta name=\"robots\" content=\"index, follow, max-snippet:-1, max-image-preview:large, max-video-preview:-1\" \/>\n<link rel=\"canonical\" href=\"https:\/\/wfnmb2026.com\/en\/eaccme-accreditation\/\" \/>\n<meta property=\"og:locale\" content=\"en_US\" \/>\n<meta property=\"og:type\" content=\"article\" \/>\n<meta property=\"og:title\" content=\"EACCME\u00ae Accreditation - WFNMB 2026\" \/>\n<meta property=\"og:description\" content=\"14th Congress of the World Federation of Nuclear Medicine and Biology. Cartagena de Indias. February 2026.\" \/>\n<meta property=\"og:url\" content=\"https:\/\/wfnmb2026.com\/en\/eaccme-accreditation\/\" \/>\n<meta property=\"og:site_name\" content=\"WFNMB 2026\" \/>\n<meta property=\"article:modified_time\" content=\"2026-02-02T12:30:53+00:00\" \/>\n<meta property=\"og:image\" content=\"https:\/\/wfnmb2026.com\/wp-content\/uploads\/2023\/09\/wfnmb-2026.png\" \/>\n\t<meta property=\"og:image:width\" content=\"1200\" \/>\n\t<meta property=\"og:image:height\" content=\"800\" \/>\n\t<meta property=\"og:image:type\" content=\"image\/png\" \/>\n<meta name=\"twitter:card\" content=\"summary_large_image\" \/>\n<meta name=\"twitter:label1\" content=\"Est. reading time\" \/>\n\t<meta name=\"twitter:data1\" content=\"2 minutes\" \/>\n<script type=\"application\/ld+json\" class=\"yoast-schema-graph\">{\"@context\":\"https:\\\/\\\/schema.org\",\"@graph\":[{\"@type\":\"WebPage\",\"@id\":\"https:\\\/\\\/wfnmb2026.com\\\/en\\\/eaccme-accreditation\\\/\",\"url\":\"https:\\\/\\\/wfnmb2026.com\\\/en\\\/eaccme-accreditation\\\/\",\"name\":\"EACCME\u00ae Accreditation - WFNMB 2026\",\"isPartOf\":{\"@id\":\"https:\\\/\\\/wfnmb2026.com\\\/#website\"},\"primaryImageOfPage\":{\"@id\":\"https:\\\/\\\/wfnmb2026.com\\\/en\\\/eaccme-accreditation\\\/#primaryimage\"},\"image\":{\"@id\":\"https:\\\/\\\/wfnmb2026.com\\\/en\\\/eaccme-accreditation\\\/#primaryimage\"},\"thumbnailUrl\":\"https:\\\/\\\/wfnmb2026.com\\\/wp-content\\\/uploads\\\/2023\\\/09\\\/wfnmb-2026.png\",\"datePublished\":\"2026-02-02T12:05:39+00:00\",\"dateModified\":\"2026-02-02T12:30:53+00:00\",\"description\":\"14th Congress of the World Federation of Nuclear Medicine and Biology. Cartagena de Indias. February 2026.\",\"breadcrumb\":{\"@id\":\"https:\\\/\\\/wfnmb2026.com\\\/en\\\/eaccme-accreditation\\\/#breadcrumb\"},\"inLanguage\":\"en-US\",\"potentialAction\":[{\"@type\":\"ReadAction\",\"target\":[\"https:\\\/\\\/wfnmb2026.com\\\/en\\\/eaccme-accreditation\\\/\"]}]},{\"@type\":\"ImageObject\",\"inLanguage\":\"en-US\",\"@id\":\"https:\\\/\\\/wfnmb2026.com\\\/en\\\/eaccme-accreditation\\\/#primaryimage\",\"url\":\"https:\\\/\\\/wfnmb2026.com\\\/wp-content\\\/uploads\\\/2023\\\/09\\\/wfnmb-2026.png\",\"contentUrl\":\"https:\\\/\\\/wfnmb2026.com\\\/wp-content\\\/uploads\\\/2023\\\/09\\\/wfnmb-2026.png\",\"width\":1200,\"height\":800},{\"@type\":\"BreadcrumbList\",\"@id\":\"https:\\\/\\\/wfnmb2026.com\\\/en\\\/eaccme-accreditation\\\/#breadcrumb\",\"itemListElement\":[{\"@type\":\"ListItem\",\"position\":1,\"name\":\"Portada\",\"item\":\"https:\\\/\\\/wfnmb2026.com\\\/en\\\/inicio\\\/\"},{\"@type\":\"ListItem\",\"position\":2,\"name\":\"EACCME\u00ae Accreditation\"}]},{\"@type\":\"WebSite\",\"@id\":\"https:\\\/\\\/wfnmb2026.com\\\/#website\",\"url\":\"https:\\\/\\\/wfnmb2026.com\\\/\",\"name\":\"WFNMB 2026\",\"description\":\"14\u00ba Congreso de la Federaci\u00f3n Mundial de Medicina Nuclear y Biolog\u00eda\",\"publisher\":{\"@id\":\"https:\\\/\\\/wfnmb2026.com\\\/#organization\"},\"potentialAction\":[{\"@type\":\"SearchAction\",\"target\":{\"@type\":\"EntryPoint\",\"urlTemplate\":\"https:\\\/\\\/wfnmb2026.com\\\/?s={search_term_string}\"},\"query-input\":{\"@type\":\"PropertyValueSpecification\",\"valueRequired\":true,\"valueName\":\"search_term_string\"}}],\"inLanguage\":\"en-US\"},{\"@type\":\"Organization\",\"@id\":\"https:\\\/\\\/wfnmb2026.com\\\/#organization\",\"name\":\"WFNMB 2026\",\"url\":\"https:\\\/\\\/wfnmb2026.com\\\/\",\"logo\":{\"@type\":\"ImageObject\",\"inLanguage\":\"en-US\",\"@id\":\"https:\\\/\\\/wfnmb2026.com\\\/#\\\/schema\\\/logo\\\/image\\\/\",\"url\":\"https:\\\/\\\/wfnmb2026.com\\\/wp-content\\\/uploads\\\/2024\\\/11\\\/logo-cabecera-04.png\",\"contentUrl\":\"https:\\\/\\\/wfnmb2026.com\\\/wp-content\\\/uploads\\\/2024\\\/11\\\/logo-cabecera-04.png\",\"width\":2096,\"height\":343,\"caption\":\"WFNMB 2026\"},\"image\":{\"@id\":\"https:\\\/\\\/wfnmb2026.com\\\/#\\\/schema\\\/logo\\\/image\\\/\"}}]}<\/script>\n<!-- \/ Yoast SEO plugin. -->","yoast_head_json":{"title":"EACCME\u00ae Accreditation - WFNMB 2026","description":"14th Congress of the World Federation of Nuclear Medicine and Biology. Cartagena de Indias. February 2026.","robots":{"index":"index","follow":"follow","max-snippet":"max-snippet:-1","max-image-preview":"max-image-preview:large","max-video-preview":"max-video-preview:-1"},"canonical":"https:\/\/wfnmb2026.com\/en\/eaccme-accreditation\/","og_locale":"en_US","og_type":"article","og_title":"EACCME\u00ae Accreditation - WFNMB 2026","og_description":"14th Congress of the World Federation of Nuclear Medicine and Biology. Cartagena de Indias. February 2026.","og_url":"https:\/\/wfnmb2026.com\/en\/eaccme-accreditation\/","og_site_name":"WFNMB 2026","article_modified_time":"2026-02-02T12:30:53+00:00","og_image":[{"width":1200,"height":800,"url":"https:\/\/wfnmb2026.com\/wp-content\/uploads\/2023\/09\/wfnmb-2026.png","type":"image\/png"}],"twitter_card":"summary_large_image","twitter_misc":{"Est. reading time":"2 minutes"},"schema":{"@context":"https:\/\/schema.org","@graph":[{"@type":"WebPage","@id":"https:\/\/wfnmb2026.com\/en\/eaccme-accreditation\/","url":"https:\/\/wfnmb2026.com\/en\/eaccme-accreditation\/","name":"EACCME\u00ae Accreditation - WFNMB 2026","isPartOf":{"@id":"https:\/\/wfnmb2026.com\/#website"},"primaryImageOfPage":{"@id":"https:\/\/wfnmb2026.com\/en\/eaccme-accreditation\/#primaryimage"},"image":{"@id":"https:\/\/wfnmb2026.com\/en\/eaccme-accreditation\/#primaryimage"},"thumbnailUrl":"https:\/\/wfnmb2026.com\/wp-content\/uploads\/2023\/09\/wfnmb-2026.png","datePublished":"2026-02-02T12:05:39+00:00","dateModified":"2026-02-02T12:30:53+00:00","description":"14th Congress of the World Federation of Nuclear Medicine and Biology. Cartagena de Indias. February 2026.","breadcrumb":{"@id":"https:\/\/wfnmb2026.com\/en\/eaccme-accreditation\/#breadcrumb"},"inLanguage":"en-US","potentialAction":[{"@type":"ReadAction","target":["https:\/\/wfnmb2026.com\/en\/eaccme-accreditation\/"]}]},{"@type":"ImageObject","inLanguage":"en-US","@id":"https:\/\/wfnmb2026.com\/en\/eaccme-accreditation\/#primaryimage","url":"https:\/\/wfnmb2026.com\/wp-content\/uploads\/2023\/09\/wfnmb-2026.png","contentUrl":"https:\/\/wfnmb2026.com\/wp-content\/uploads\/2023\/09\/wfnmb-2026.png","width":1200,"height":800},{"@type":"BreadcrumbList","@id":"https:\/\/wfnmb2026.com\/en\/eaccme-accreditation\/#breadcrumb","itemListElement":[{"@type":"ListItem","position":1,"name":"Portada","item":"https:\/\/wfnmb2026.com\/en\/inicio\/"},{"@type":"ListItem","position":2,"name":"EACCME\u00ae Accreditation"}]},{"@type":"WebSite","@id":"https:\/\/wfnmb2026.com\/#website","url":"https:\/\/wfnmb2026.com\/","name":"WFNMB 2026","description":"14\u00ba Congreso de la Federaci\u00f3n Mundial de Medicina Nuclear y Biolog\u00eda","publisher":{"@id":"https:\/\/wfnmb2026.com\/#organization"},"potentialAction":[{"@type":"SearchAction","target":{"@type":"EntryPoint","urlTemplate":"https:\/\/wfnmb2026.com\/?s={search_term_string}"},"query-input":{"@type":"PropertyValueSpecification","valueRequired":true,"valueName":"search_term_string"}}],"inLanguage":"en-US"},{"@type":"Organization","@id":"https:\/\/wfnmb2026.com\/#organization","name":"WFNMB 2026","url":"https:\/\/wfnmb2026.com\/","logo":{"@type":"ImageObject","inLanguage":"en-US","@id":"https:\/\/wfnmb2026.com\/#\/schema\/logo\/image\/","url":"https:\/\/wfnmb2026.com\/wp-content\/uploads\/2024\/11\/logo-cabecera-04.png","contentUrl":"https:\/\/wfnmb2026.com\/wp-content\/uploads\/2024\/11\/logo-cabecera-04.png","width":2096,"height":343,"caption":"WFNMB 2026"},"image":{"@id":"https:\/\/wfnmb2026.com\/#\/schema\/logo\/image\/"}}]}},"_links":{"self":[{"href":"https:\/\/wfnmb2026.com\/en\/wp-json\/wp\/v2\/pages\/4163","targetHints":{"allow":["GET"]}}],"collection":[{"href":"https:\/\/wfnmb2026.com\/en\/wp-json\/wp\/v2\/pages"}],"about":[{"href":"https:\/\/wfnmb2026.com\/en\/wp-json\/wp\/v2\/types\/page"}],"author":[{"embeddable":true,"href":"https:\/\/wfnmb2026.com\/en\/wp-json\/wp\/v2\/users\/1"}],"replies":[{"embeddable":true,"href":"https:\/\/wfnmb2026.com\/en\/wp-json\/wp\/v2\/comments?post=4163"}],"version-history":[{"count":5,"href":"https:\/\/wfnmb2026.com\/en\/wp-json\/wp\/v2\/pages\/4163\/revisions"}],"predecessor-version":[{"id":4173,"href":"https:\/\/wfnmb2026.com\/en\/wp-json\/wp\/v2\/pages\/4163\/revisions\/4173"}],"wp:featuredmedia":[{"embeddable":true,"href":"https:\/\/wfnmb2026.com\/en\/wp-json\/wp\/v2\/media\/618"}],"wp:attachment":[{"href":"https:\/\/wfnmb2026.com\/en\/wp-json\/wp\/v2\/media?parent=4163"}],"curies":[{"name":"wp","href":"https:\/\/api.w.org\/{rel}","templated":true}]}}